{"id":2,"date":"2022-07-25T17:51:28","date_gmt":"2022-07-25T17:51:28","guid":{"rendered":"https:\/\/touralba.com\/?page_id=2"},"modified":"2022-09-15T18:38:09","modified_gmt":"2022-09-15T18:38:09","slug":"sample-page","status":"publish","type":"page","link":"https:\/\/touralba.com\/","title":{"rendered":"Home"},"content":{"rendered":"\n<h2>\n\t\t&#8211; WELCOME TO TOUR ALBA &#8211;\n\t<\/h2>\n<h2>\n\t\tTOUR LIKE A LOCAL\n\t<\/h2>\n\t<p>With over a decade of avid exploring and drawing from local knowledge, I can deliver you a tailored experience no other tour company can match (ask me about motorcycle trips or sea kayak excursions).<\/p>\n<p>I&#8217;ll take you to all the unmissable places on the routes less traveled, show you cool and cosy spots only the locals know of, help you avoid the crowds and stay safe from tourist traps, all as if you were visiting your long lost cousin!<\/p>\n<p>I can organise day trips focusing on nature, history, culture, cuisine, sport or all of the above, making sure you get the most out of your time in Scotland and take home those precious selfies you&#8217;ve always dreamed of.<\/p>\n\t<p>Con m\u00e1s de una d\u00e9cada de \u00e1vida exploraci\u00f3n a mis espaldas y habi\u00e9ndome nutrido del conocimiento local, puedo brindar experiencias personalizadas que ninguna otra compa\u00f1\u00eda de viajes puede igualar (preg\u00fantame por rutas en moto o excursiones marinas en kayak).<\/p>\n<p>Te llevar\u00e9 a sitios que no te puedes perder en las rutas menos transitadas, te mostrar\u00e9 rincones sorprendentes y acogedores que solo los lugare\u00f1os conocen, te ayudar\u00e9 a evitar las multitudes y te mantendr\u00e9 a salvo de las trampas para turistas, todo como si estuvieras visitando a un primo lejano!<\/p>\n<p>Puedo organizar excursiones centradas en la naturaleza, la historia, la cultura, la cocina, el deporte o todo lo anterior, asegur\u00e1ndome de que aproveches al m\u00e1ximo tu tiempo en Escocia y te lleves a casa esas preciadas selfies con las que siempre has so\u00f1ado.<\/p>\n\t\t\t\t<img loading=\"lazy\" decoding=\"async\" src=\"https:\/\/touralba.com\/wp-content\/uploads\/2022\/07\/WhatsApp-Image-2022-07-29-at-1.56.08-PM-1.jpeg\" alt=\"WhatsApp Image 2022-07-29 at 1.56.08 PM\" itemprop=\"image\" height=\"872\" width=\"872\" title=\"WhatsApp Image 2022-07-29 at 1.56.08 PM\" onerror=\"this.style.display='none'\"  \/>\n<h2>\n\t\tYOUR Tour Guide!\n\t<\/h2>\n\t<p>Born in Scotland and raised in Spain with family and roots in both countries, I have a deep understanding and appreciation for both cultures, their history, traditions, customs, likes and expectations.<\/p>\n<p>I&#8217;m laid back, patient, curious and observant. I&#8217;m an experienced driver, a good planner and even better improvisor.<\/p>\n<p>I&#8217;m more than happy to alter plans and satisfy requests on the fly and will be planning ahead to fill in any gaps these changes may cause to make sure your time in Scotland is maximised and enjoyable, without the feeling of having a fixed itinerary.<\/p>\n<p>I&#8217;m sure I&#8217;ll surprise you with funny tales, local secrets and curious little detours (most would miss) wherever the wind takes us.<\/p>\n<p>Get in touch, come over, relax and enjoy.<\/p>\n\t<p>Nacido en Escocia y criado en Espa\u00f1a con familia y ra\u00edces en ambos pa\u00edses, tengo un profundo conocimiento y aprecio por ambas culturas, su historia, sus tradiciones, costumbres, gustos y expectativas.<\/p>\n<p>Soy relajado, paciente, curioso y observador; Un conductor experimentado, buen planificador y mejor improvisador.<\/p>\n<p>Estar\u00e9 encantado de modificar nuestros planes y satisfacer solicitudes espont\u00e1neas sobre la marcha, y buscar\u00e9 siempre la manera de llenar cualquier vac\u00edo que estos cambios puedan ocasionar para asegurarme de que su tiempo en Escocia est\u00e9 bien aprovechado y sea inolvidable, sin la sensaci\u00f3n de tener un itinerario estricto.<\/p>\n<p>Siempre sorprendo con divertidas an\u00e9cdotas, secretos locales y lugares curiosos (que la mayor\u00eda se pierde) all\u00e1 donde nos lleve el viento.<\/p>\n<p>Ponte en contacto, vente, rel\u00e1jate y disfruta.<\/p>\n<h2>\n\t\tGet in touch&#8230;\n\t<\/h2>\n\n","protected":false},"excerpt":{"rendered":"<p>&#8211; WELCOME TO TOUR ALBA &#8211; TOUR LIKE A LOCAL With over a decade of avid exploring and drawing from local knowledge, I can deliver you a tailored experience no other tour company can match (ask me about motorcycle trips or sea kayak excursions). I&#8217;ll take you to all the unmissable places on the routes [&hellip;]<\/p>\n","protected":false},"author":1,"featured_media":0,"parent":0,"menu_order":0,"comment_status":"closed","ping_status":"open","template":"","meta":{"site-sidebar-layout":"no-sidebar","site-content-layout":"","ast-site-content-layout":"default","site-content-style":"default","site-sidebar-style":"default","ast-global-header-display":"","ast-banner-title-visibility":"","ast-main-header-display":"","ast-hfb-above-header-display":"","ast-hfb-below-header-display":"","ast-hfb-mobile-header-display":"","site-post-title":"disabled","ast-breadcrumbs-content":"","ast-featured-img":"","footer-sml-layout":"","ast-disable-related-posts":"","theme-transparent-header-meta":"","adv-header-id-meta":"","stick-header-meta":"","header-above-stick-meta":"","header-main-stick-meta":"","header-below-stick-meta":"","astra-migrate-meta-layouts":"default","ast-page-background-enabled":"default","ast-page-background-meta":{"desktop":{"background-color":"var(--ast-global-color-4)","background-image":"","background-repeat":"repeat","background-position":"center center","background-size":"auto","background-attachment":"scroll","background-type":"","background-media":"","overlay-type":"","overlay-color":"","overlay-opacity":"","overlay-gradient":""},"tablet":{"background-color":"","background-image":"","background-repeat":"repeat","background-position":"center center","background-size":"auto","background-attachment":"scroll","background-type":"","background-media":"","overlay-type":"","overlay-color":"","overlay-opacity":"","overlay-gradient":""},"mobile":{"background-color":"","background-image":"","background-repeat":"repeat","background-position":"center center","background-size":"auto","background-attachment":"scroll","background-type":"","background-media":"","overlay-type":"","overlay-color":"","overlay-opacity":"","overlay-gradient":""}},"ast-content-background-meta":{"desktop":{"background-color":"var(--ast-global-color-5)","background-image":"","background-repeat":"repeat","background-position":"center center","background-size":"auto","background-attachment":"scroll","background-type":"","background-media":"","overlay-type":"","overlay-color":"","overlay-opacity":"","overlay-gradient":""},"tablet":{"background-color":"var(--ast-global-color-5)","background-image":"","background-repeat":"repeat","background-position":"center center","background-size":"auto","background-attachment":"scroll","background-type":"","background-media":"","overlay-type":"","overlay-color":"","overlay-opacity":"","overlay-gradient":""},"mobile":{"background-color":"var(--ast-global-color-5)","background-image":"","background-repeat":"repeat","background-position":"center center","background-size":"auto","background-attachment":"scroll","background-type":"","background-media":"","overlay-type":"","overlay-color":"","overlay-opacity":"","overlay-gradient":""}},"footnotes":""},"class_list":["post-2","page","type-page","status-publish","hentry"],"_links":{"self":[{"href":"https:\/\/touralba.com\/index.php?rest_route=\/wp\/v2\/pages\/2","targetHints":{"allow":["GET"]}}],"collection":[{"href":"https:\/\/touralba.com\/index.php?rest_route=\/wp\/v2\/pages"}],"about":[{"href":"https:\/\/touralba.com\/index.php?rest_route=\/wp\/v2\/types\/page"}],"author":[{"embeddable":true,"href":"https:\/\/touralba.com\/index.php?rest_route=\/wp\/v2\/users\/1"}],"replies":[{"embeddable":true,"href":"https:\/\/touralba.com\/index.php?rest_route=%2Fwp%2Fv2%2Fcomments&post=2"}],"version-history":[{"count":15,"href":"https:\/\/touralba.com\/index.php?rest_route=\/wp\/v2\/pages\/2\/revisions"}],"predecessor-version":[{"id":38,"href":"https:\/\/touralba.com\/index.php?rest_route=\/wp\/v2\/pages\/2\/revisions\/38"}],"wp:attachment":[{"href":"https:\/\/touralba.com\/index.php?rest_route=%2Fwp%2Fv2%2Fmedia&parent=2"}],"curies":[{"name":"wp","href":"https:\/\/api.w.org\/{rel}","templated":true}]}}